{"id":130,"date":"2018-05-05T11:47:49","date_gmt":"2018-05-05T09:47:49","guid":{"rendered":"http:\/\/192.168.1.170\/?page_id=130"},"modified":"2018-06-08T18:11:20","modified_gmt":"2018-06-08T16:11:20","slug":"faq-2","status":"publish","type":"page","link":"https:\/\/www.le-doc.net\/index.php\/faq-2\/","title":{"rendered":"FAQ &#8211; Foire Aux Questions"},"content":{"rendered":"<p>Voici une faq concernant les diff\u00e9rents sujets qu&rsquo;on m&rsquo;a sugg\u00e9r\u00e9, ou demand\u00e9. N&rsquo;h\u00e9sitez pas a me poser d&rsquo;autres questions si vous ne trouvez pas de r\u00e9ponse ici.<\/p>\n<ul>\n<li><strong>L&rsquo;application est g\u00e9niale, mais \u00e7a serait bien de rajouter le jeu &#8230;. ! Comment faire ?<\/strong><\/li>\n<\/ul>\n<p>Sur ce site, vous pouvez proposer un jeu en d\u00e9crivant les r\u00e8gles. D&rsquo;autres r\u00e8gles de calcul seront ajout\u00e9s dans les prochaines mises \u00e0 jour, comme la notion de \u00ab\u00a0<a href=\"http:\/\/192.168.1.170\/index.php\/2018\/05\/11\/mise-a-jour-1-10-3\/\">Tour<\/a>\u00a0\u00bb pr\u00e9vue pour mai 2018.<\/p>\n<ul>\n<li><strong>Pourquoi ne peut t&rsquo;on peut pas rajouter nous m\u00eame nos propres jeux ?<\/strong><\/li>\n<\/ul>\n<p>On m&rsquo;a pos\u00e9 plusieurs fois cette question, mais je pr\u00e9f\u00e9r\u00e8 que tous le monde ai les r\u00e8gles r\u00e9elles et surtout compl\u00e8te. d&rsquo;autres application dans ce style existe, mais au final, il y a 10 r\u00e8gles pour Agricola par exemple. Mais cette possibilit\u00e9 reste dans un coin de ma t\u00eate \ud83d\ude00<\/p>\n<ul>\n<li><strong>Comment archiver ses parties ?<\/strong><\/li>\n<\/ul>\n<p>Lorsque l&rsquo;on s\u00e9lectionne a nouveau un jeu sur lequel on a d\u00e9j\u00e0 jou\u00e9, l&rsquo;application propose soit:<\/p>\n<ol>\n<li>De supprimer la partie en cours, et d&rsquo;en cr\u00e9er une autre.<\/li>\n<li>D&rsquo;archiver la partie, et d&rsquo;en cr\u00e9er une autre.<\/li>\n<li>D&rsquo;archiver la partie, et d&rsquo;en cr\u00e9er une autre avec les m\u00eame joueurs (Revanche)<\/li>\n<li>De revenir sur la partie en cours.<\/li>\n<\/ol>\n<p>Les parties archiv\u00e9es sont toujours consultable avec l\u2019ic\u00f4ne \u00ab<a href=\"\/wp-content\/uploads\/2018\/01\/Screenshot_105.png\">loupe<\/a>\u00bb.<\/p>\n<ul>\n<li><strong>Qu&rsquo;est ce que le \u00abcomptage collectif\u00bb, et comment l&rsquo;activer ?<\/strong><\/li>\n<\/ul>\n<p>Lorsque vous comptez les scores, il y a 2 \u00e9coles:<\/p>\n<ol>\n<li>Soit <a href=\"\/wp-content\/uploads\/2018\/01\/Screenshot_103.png\">compter individuellement<\/a> le score de chaque joueur, en comptant les golds, les points militaires, etc. Puis passer a l&rsquo;autre joueur.<\/li>\n<li>Soit <a href=\"\/wp-content\/uploads\/2018\/01\/Screenshot_207.png\">compter collectivement<\/a> pour tous les joueurs, les golds, puis les points militaires, etc.<\/li>\n<\/ol>\n<p>Le choix est libre en fonction du jeu, et de la mani\u00e8re de compter des joueurs.<\/p>\n<p>Pour activer cette fonctionnalit\u00e9, cliquez sur le bouton \u00ab\u00a0Param\u00e8tre\u00bb avec l&rsquo;outil, puis activez ou d\u00e9sactivez \u00abComptage collectif\u00bb.<\/p>\n<ul>\n<li><strong>Y a t&rsquo;il une version iOS ?<\/strong><\/li>\n<\/ul>\n<p>Malheureusement non, pour que je puisse traduire cette application sur iOS, il me faut un Mac :\/<\/p>\n","protected":false},"excerpt":{"rendered":"<p>Voici une faq concernant les diff\u00e9rents sujets qu&rsquo;on m&rsquo;a sugg\u00e9r\u00e9, ou demand\u00e9. N&rsquo;h\u00e9sitez pas a me poser d&rsquo;autres questions si vous ne trouvez pas de r\u00e9ponse ici. L&rsquo;application est g\u00e9niale, mais \u00e7a serait bien de&#8230;<\/p>\n","protected":false},"author":1,"featured_media":0,"parent":0,"menu_order":0,"comment_status":"closed","ping_status":"closed","template":"","meta":{"footnotes":""},"class_list":["post-130","page","type-page","status-publish","hentry"],"_links":{"self":[{"href":"https:\/\/www.le-doc.net\/index.php\/wp-json\/wp\/v2\/pages\/130","targetHints":{"allow":["GET"]}}],"collection":[{"href":"https:\/\/www.le-doc.net\/index.php\/wp-json\/wp\/v2\/pages"}],"about":[{"href":"https:\/\/www.le-doc.net\/index.php\/wp-json\/wp\/v2\/types\/page"}],"author":[{"embeddable":true,"href":"https:\/\/www.le-doc.net\/index.php\/wp-json\/wp\/v2\/users\/1"}],"replies":[{"embeddable":true,"href":"https:\/\/www.le-doc.net\/index.php\/wp-json\/wp\/v2\/comments?post=130"}],"version-history":[{"count":12,"href":"https:\/\/www.le-doc.net\/index.php\/wp-json\/wp\/v2\/pages\/130\/revisions"}],"predecessor-version":[{"id":185,"href":"https:\/\/www.le-doc.net\/index.php\/wp-json\/wp\/v2\/pages\/130\/revisions\/185"}],"wp:attachment":[{"href":"https:\/\/www.le-doc.net\/index.php\/wp-json\/wp\/v2\/media?parent=130"}],"curies":[{"name":"wp","href":"https:\/\/api.w.org\/{rel}","templated":true}]}}