{"id":25,"date":"2018-01-15T23:15:33","date_gmt":"2018-01-15T22:15:33","guid":{"rendered":"http:\/\/192.168.1.170\/?page_id=25"},"modified":"2019-12-06T00:44:38","modified_gmt":"2019-12-05T23:44:38","slug":"mais-quest-ce-que-cest-score-assistant","status":"publish","type":"page","link":"https:\/\/www.le-doc.net\/","title":{"rendered":"Mais qu&rsquo;est ce que c&rsquo;est Score Assistant ?"},"content":{"rendered":"<p>Score Assistant est tout simplement une application qui permet de compter les points de plus de <a href=\".\/index.php\/liste-des-jeux\/\">100 jeux<\/a> pr\u00e9 enregistr\u00e9s dans l&rsquo;application. Plus besoin de stylo, de calculatrice, de carnet de score, ou de votre pote tr\u00e8s fort en calcul mental, vous avez tout \u00e0 port\u00e9e de main tr\u00e8s simplement.<\/p>\n<p>Voila comment \u00e7a marche:<\/p>\n<ol>\n<li>Choisissez le jeu (parmi plus de <a href=\".\/index.php\/liste-des-jeux\/\">100 jeux<\/a>, ainsi que des jeux g\u00e9n\u00e9riques)<\/li>\n<li>Choisissez le joueur<\/li>\n<li>Remplissez les r\u00e8gles, le calcul se fait tout seul !<\/li>\n<li>Comparez vos scores !<\/li>\n<\/ol>\n<p>&nbsp;<\/p>\n<p>Vous pourrez par la suite archiver vos parties pour conserver vos exploits dans votre poche, ou partager vos meilleurs parties sur les r\u00e9seaux sociaux. Vous pourrez m\u00eame tirer des statistiques sur les diff\u00e9rents jeux auxquels vous avez jou\u00e9.<\/p>\n<p>Il existe beaucoup d&rsquo;application pour aider le calcul des scores de tel ou tel jeu, mais celui ci a pour objectif de rassembler toutes ces application en une.<\/p>\n<p>Pour le moment, l&rsquo;application est compatible uniquement pour <a href=\"https:\/\/play.google.com\/store\/apps\/details?id=com.ledoc.scoreassistant&amp;hl=fr\" target=\"_blank\" rel=\"noopener noreferrer\"><img loading=\"lazy\" decoding=\"async\" class=\"alignnone wp-image-74\" src=\"http:\/\/192.168.1.170\/wp-content\/uploads\/2018\/02\/playstore-300x94.png\" alt=\"Score Assistant disponible sur Google Play\" width=\"118\" height=\"37\" srcset=\"https:\/\/www.le-doc.net\/wp-content\/uploads\/2018\/02\/playstore-300x94.png 300w, https:\/\/www.le-doc.net\/wp-content\/uploads\/2018\/02\/playstore.png 394w\" sizes=\"auto, (max-width: 118px) 100vw, 118px\" \/><\/a>, mais j&rsquo;esp\u00e8re \u00e0 l&rsquo;avenir la traduire pour iOS.<\/p>\n<p>Cette id\u00e9e m&rsquo;est venue sur ma premi\u00e8re partie de Scythe (que j&rsquo;ai beaucoup appr\u00e9ci\u00e9). Une fois la partie fini vers 1 heure du mat, mon pote m&rsquo;a dit d&rsquo;un air d\u00e9pit\u00e9: \u00abBon, maintenant, faut calculer les scores, \u00e7a va prendre au moins 15 min.\u00bb Et en effet, pour ne rien oublier, fallait tout v\u00e9rifier, recompter car on a un doute, etc&#8230; J&rsquo;ai trouv\u00e9 \u00e7a dommage que sur un jeu qu&rsquo;on a beaucoup appr\u00e9ci\u00e9, il y ai autant de gal\u00e8re pour compter (la nuit n&rsquo;arrangeant rien).<\/p>\n<p>Quelque mois plus tard, nouvelle partie de Scythe, et le comptage est pass\u00e9 de 15 min \u00e0 2 min. Paris r\u00e9ussi ! Par la suite, on m&rsquo;a demand\u00e9 de rajouter d&rsquo;autres jeux, et c&rsquo;est comme \u00e7a qu&rsquo;est n\u00e9 <strong>Score Assistant.<\/strong><\/p>\n","protected":false},"excerpt":{"rendered":"<p>Score Assistant est tout simplement une application qui permet de compter les points de plus de 100 jeux pr\u00e9 enregistr\u00e9s dans l&rsquo;application. Plus besoin de stylo, de calculatrice, de carnet de score, ou de votre&#8230;<\/p>\n","protected":false},"author":1,"featured_media":0,"parent":0,"menu_order":0,"comment_status":"closed","ping_status":"closed","template":"","meta":{"footnotes":""},"class_list":["post-25","page","type-page","status-publish","hentry"],"_links":{"self":[{"href":"https:\/\/www.le-doc.net\/index.php\/wp-json\/wp\/v2\/pages\/25","targetHints":{"allow":["GET"]}}],"collection":[{"href":"https:\/\/www.le-doc.net\/index.php\/wp-json\/wp\/v2\/pages"}],"about":[{"href":"https:\/\/www.le-doc.net\/index.php\/wp-json\/wp\/v2\/types\/page"}],"author":[{"embeddable":true,"href":"https:\/\/www.le-doc.net\/index.php\/wp-json\/wp\/v2\/users\/1"}],"replies":[{"embeddable":true,"href":"https:\/\/www.le-doc.net\/index.php\/wp-json\/wp\/v2\/comments?post=25"}],"version-history":[{"count":13,"href":"https:\/\/www.le-doc.net\/index.php\/wp-json\/wp\/v2\/pages\/25\/revisions"}],"predecessor-version":[{"id":251,"href":"https:\/\/www.le-doc.net\/index.php\/wp-json\/wp\/v2\/pages\/25\/revisions\/251"}],"wp:attachment":[{"href":"https:\/\/www.le-doc.net\/index.php\/wp-json\/wp\/v2\/media?parent=25"}],"curies":[{"name":"wp","href":"https:\/\/api.w.org\/{rel}","templated":true}]}}